{"id":1417,"date":"2025-02-11T13:52:10","date_gmt":"2025-02-11T12:52:10","guid":{"rendered":"https:\/\/www.donatural.com\/pravila-zasebnosti\/"},"modified":"2026-03-06T14:13:42","modified_gmt":"2026-03-06T13:13:42","slug":"datenschutzbestimmungen","status":"publish","type":"page","link":"https:\/\/www.donatural.com\/at\/datenschutzbestimmungen\/","title":{"rendered":"Regeln zum Schutz der Privatsph\u00e4re"},"content":{"rendered":"<div id=\"\"\n     class=\"ow_container_section has-584-container content_padding_top_80 content_padding_bottom_80\">\n            <div class=\"container\">\n        <div class=\"content\">\n            \n\n<h1 class=\"wp-block-heading\"><strong>Regeln zum Schutz der Privatsph\u00e4re<\/strong><\/h1>\n\n\n\n<p>Atlantic Droga Kolinska d.o.o. (nachfolgend \u201eGesellschaft\u201c oder \u201ewir\u201c genannt) ist ein Teil des Gesch\u00e4ftssystems der Atlantic Grupa, in dessen Rahmen hohe Standards der Gesch\u00e4ftsf\u00fchrung und einer transparenten Gesch\u00e4ftsabwicklung aufgestellt wurden und angewendet werden, unter denen man ein verantwortliches, gesetzeskonformes und ethisch begr\u00fcndetes Verhalten aller Rechtssubjekte der Atlantic Grupa versteht, einschlie\u00dflich der Einhaltung des Schutzes der Privatsph\u00e4re und des Schutzes personenbezogener Daten.<\/p>\n\n\n\n<p>Unter Einhaltung der genannten Standards erhebt und verarbeitet die Gesellschaft als Auftragsverarbeiter im Rahmen des Gesch\u00e4ftssystems der Atlantic Grupa personenbezogene Daten gesetzeskonform, fair und transparent, nach den geltenden Vorschriften, wobei entsprechende technische und organisatorische Ma\u00dfnahmen eingeleitet werden, konzentriert auf den Schutz personenbezogener Daten vor unbefugtem Zugang und Missbrauch.<\/p>\n\n\n\n<p>Die Gesellschaft ist sich dessen bewusst, dass der Schutz personenbezogener Daten f\u00fcr unsere Nutzer und Befragte wichtig ist. Deshalb m\u00f6chten wir Ihnen veranschaulichen, welche personenbezogenen Daten erhoben werden, wie wir diese verwalten und wie wir uns um deren Schutz k\u00fcmmern.<\/p>\n\n\n\n<h3 class=\"wp-block-heading\"><strong>Zwecke, Umfang und Rechtsgrundlagen der Datenverarbeitung<\/strong><\/h3>\n\n\n\n<p>Personenbezogene Daten werden zu besonderen, ausdr\u00fccklichen und gesetzeskonformen Zwecken und im notwendigen Umfang erhoben und auf eine diesen Zwecken entsprechende Art und Weise verarbeitet.<\/p>\n\n\n\n<p>Die Gesellschaft wird personenbezogene Daten nur in den F\u00e4llen erheben und verarbeiten, wenn dies durch Vorschriften gedeckt ist:<\/p>\n\n\n\n<ul class=\"wp-block-list\">\n<li>die Verarbeitung muss wegen der Einhaltung von Rechtspflichten durchgef\u00fchrt werden;<\/li>\n\n\n\n<li>wenn der Betroffene seine Einwilligung f\u00fcr die Verarbeitung seiner personenbezogenen Daten gegeben hat;<\/li>\n\n\n\n<li>die Verarbeitung ist f\u00fcr die Erf\u00fcllung des Vertrages notwendig, in dem der Betroffene Partei ist, um bestimmte Handlung auf Antrag des Betroffenen vor Abschluss eines Vertrages vorzunehmen;<\/li>\n\n\n\n<li>die Verarbeitung ist notwendig, damit die Schl\u00fcsselinteressen des Betroffenen oder einer anderen nat\u00fcrlichen Person gesch\u00fctzt werden k\u00f6nnen;<\/li>\n\n\n\n<li>die Verarbeitung ist f\u00fcr die Zwecke der legitimen Interessen der Gesellschaft oder verbundenen Unternehmen notwendig.<\/li>\n<\/ul>\n\n\n\n<h3 class=\"wp-block-heading\"><strong>Erhebung und Verwendung personenbezogener Daten<\/strong><\/h3>\n\n\n\n<p>Personenbezogene Daten sind Informationen, die Sie direkt oder indirekt identifizieren wie z.B. Ihr Name, E-Mail-Adresse, Telefonnummer, IP-Adresse oder Postanschrift.<\/p>\n\n\n\n<p>Die Gesellschaft erhebt Ihre personenbezogenen Daten nicht, soweit Sie solche Daten nicht ausdr\u00fccklich abgegeben haben (z.B. Anfrage f\u00fcr ein bestimmtes Produkt oder eine Dienstleistung, Vertragsabschluss oder Beantragung bestimmter Handlungen vor dem Vertragsabschluss, Aufnahme in die Loyalit\u00e4tsprogramme, bei der Anmeldung zum E-Mail-Newsletter, Teilnahme an Umfragen, Wettbewerben und Gewinnspielen, Bestellung von Proben oder Brosch\u00fcren, Spendenanfragen sowie bei der Einholung von Ausk\u00fcnften, Abgabe des Lebenslaufs, offenen Angeboten oder Bewerbungen auf offene Stellen sowie durch eine Besch\u00e4ftigung in unserer Gesellschaft\u2026).<\/p>\n\n\n\n<p>Ihre personenbezogenen Daten werden in dem \u2013 inhaltlichen und zeitlichen \u2013 Umfang erhoben, gespeichert, verwendet oder \u00fcbertragen, der in einem bestimmten Fall erforderlich ist z.B. um Ihre Fragen zu beantworten, Ihre Anforderungen zu erf\u00fcllen, Sie \u00fcber unsere Produkte, die Ergebnisse eines Wettbewerbs oder eines Gewinnspiels zu informieren, die Vertragspflicht zu erf\u00fcllen, unbedingt notwendige Handlungen vor dem Vertragsabschluss vorzunehmen oder um unseren weiteren gesetzlichen oder rechtlichen Pflichten nachzukommen. Aus diesen Gr\u00fcnden soll die Gesellschaft manchmal die personenbezogenen Daten anderen Unternehmen innerhalb der Atlantic Grupa und verbundenen Unternehmen oder externen Dienstleistungserbringern zur weiteren Verarbeitung weiterleiten. Die Dienstleistungserbringer k\u00f6nnen beispielsweise im Zusammenhang von Call-Center Dienstleistungen, Versendung von Waren, Verteilung von Werbematerial oder f\u00fcr die Veranstaltung und Durchf\u00fchrung von Gewinnspielen eingesetzt werden. Die Gesellschaft fordert von diesen Beteiligten die Annahme der geltenden Rechtsvorschriften, die Einhaltung unserer Anweisungen sowie die Konformit\u00e4t mit unseren betriebsinternen Regeln zum Schutz personenbezogener Daten und den Anspr\u00fcchen auf Anwendung entsprechender organisatorischen und technischen Schutzma\u00dfnahmen. Aus denselben Gr\u00fcnden werden wir Ihre personenbezogenen Daten manchmal in andere EU-L\u00e4nder oder au\u00dferhalb der EU \u00fcbertragen m\u00fcssen, wobei sich die Gesellschaft darum k\u00fcmmert, dass diese \u00dcbertragung in allem gesetzeskonform und unter Anwendung aller verf\u00fcgbaren und angemessenen Ma\u00dfnahmen zum Schutz personenbezogener Daten erfolgt.<\/p>\n\n\n\n<p>Die Gesellschaft versichert, dass sie Ihre personenbezogenen Daten an niemanden verkaufen wird sowie dass sie Ihre personenbezogenen Daten keinen Dritten weiterleiten wird, soweit dies nicht notwendig ist, um den bestimmten Zweck zu erf\u00fcllen, zu welchem Sie uns Ihre Daten gegeben haben bzw. versichert, dass Ihre Daten an keinen unbefugten Empf\u00e4nger weitergeleitet werden.<\/p>\n\n\n\n<p>Es kann vorkommen, dass wir Ihre personenbezogenen Daten der zust\u00e4ndigen Beh\u00f6rde zukommen lassen m\u00fcssen, soweit dies durch Gesetz oder ein anderes verbindliches Regelwerk angeordnet wird.<\/p>\n\n\n\n<p>Die erhobenen Daten werden so lange aufbewahrt, wie dies bezogen auf den Zweck der Erhebung notwendig ist bzw. innerhalb einer Frist nach den geltenden Vorschriften.<\/p>\n\n\n\n<h3 class=\"wp-block-heading\"><strong>Verwendung personenbezogener Daten zu Werbe- und Marketingzwecken<\/strong><\/h3>\n\n\n\n<p>Werden Ihre personenbezogenen Daten zu Werbe- und Marketingzwecken nach den geltenden gesetzlichen Vorschriften auf dem Gebiet des Schutzes personenbezogener Daten verwendet, so werden Ihre Daten zu diesen Zwecken gespeichert und verwendet z.B. zur Versendung von Newsletters, Produktproben, Aufforderung zur Teilnahme an Wettbewerben und Gewinnspielen, per E-Mail oder Post oder \u00fcber einen anderen Kommunikationskanal, den Sie akzeptiert haben.<\/p>\n\n\n\n<p>Werden Ihre personenbezogenen Daten zum Zweck der Versendung individueller, (an Sie) angepassten Werbungen und Promotionen durch Erstellung und Verwaltung eines Nutzerprofils verwendet, so werden Sie dar\u00fcber im Vorfeld, also vor der Versendung solcher Werbungen und Promotionen informiert und wir werden von Ihnen vor einer solchen Verarbeitung personenbezogener Daten jedenfalls eine separate, ausdr\u00fcckliche und informierte Einwilligung anfordern.<\/p>\n\n\n\n<p>Ihre Daten werden wir je nach Bedarf bei der Auswertung und Verbesserung der Effizienz von unseren Internetdienstleistungen, Anzeigen, Marketing, Marktforschung und Verkaufsanstrengungen, durch Umfragen oder andere Befragungen verwenden oder auf eine Art und Weise, die sicherstellen wird, dass Ihre personenbezogenen Daten anonymisiert werden bzw. dass sie in keinen Zusammenhang mit der betroffenen Person gebracht werden.<\/p>\n\n\n\n<h3 class=\"wp-block-heading\"><strong>Durchsetzung der Rechte der Betroffenen<\/strong><\/h3>\n\n\n\n<p>Sie k\u00f6nnen jederzeit von uns eine Information \u00fcber Ihre personenbezogenen Daten anfordern, die von uns verarbeitet werden oder deren Berichtigung anfordern. Sie k\u00f6nnen genauso die Beendigung der Verwendung oder die L\u00f6schung Ihrer personenbezogenen Daten oder den Widerruf der Einwilligung zu allen oder nur zu einigen Zwecken (es sei denn, dies ist nicht m\u00f6glich z.B. wenn es sich um Datenverarbeitung zu statistischen Zwecken handelt, wenn die personenbezogenen Daten keine Identifikation erm\u00f6glichen) bzw. die \u00dcbertragung von Daten an einen anderen Auftragsverarbeiter unter den gesetzlichen Bedingungen anfordern oder die Abmeldung von unserem Informations- und Werbematerial durchf\u00fchren.<\/p>\n\n\n\n<p>Sie k\u00f6nnen genauso einen Widerspruch gegen die Verwendung Ihrer personenbezogenen Daten in den Situationen einlegen, die auf der Existenz unseres legitimen Interesses beruhen und jedenfalls dann, wenn wir sie f\u00fcr Zwecke des Direktmarketings verwenden.<\/p>\n\n\n\n<p>Wir werden unsererseits im h\u00f6chstm\u00f6glichen und sinnvollen Ma\u00dfe ber\u00fccksichtigen, dass Ihre personenbezogenen Daten, die Sie uns zur Verf\u00fcgung gestellt haben, richtig erfasst werden. Sie sind jedoch f\u00fcr deren Richtigkeit verantwortlich und Sie werden gebeten, diese regelm\u00e4\u00dfig und rechtzeitig zu aktualisieren bzw. uns einen Antrag auf \u00c4nderung oder Berichtigung zukommen zu lassen.<\/p>\n\n\n\n<p>Zur Durchsetzung aller Ihrer Rechte und Pflichten hinsichtlich der Verwendung personenbezogener Daten k\u00f6nnen Sie sich an die auf der Webseite aufgef\u00fchrte E-Mail-Adresse oder die Adresse des Sitzes der Gesellschaft oder an die E-Mail-Adresse: dpo@atlanticgrupa.com oder nach der Anweisung in den \u00fcbermittelten Werbematerialien wenden.<\/p>\n\n\n\n<p>Bei der Kontaktaufnahme und der Stellung der genannten Antr\u00e4ge werden wir sinnvolle Anstrengungen unternehmen, um Ihre Identit\u00e4t zu best\u00e4tigen und eine nicht autorisierte Verarbeitung personenbezogener Daten zu verhindern.<\/p>\n\n\n\n<p>Nach Erhalt Ihrer Antr\u00e4ge werden wird die angeforderte Aktivit\u00e4t innerhalb einer angemessenen Frist, sp\u00e4testens jedoch innerhalb von 30 Tagen nach Erhalt durchf\u00fchren und wir werden Sie dar\u00fcber je nach Bedarf laut Gesetz benachrichtigen.<\/p>\n\n\n\n<h3 class=\"wp-block-heading\"><strong>Kinder<\/strong><\/h3>\n\n\n\n<p>In der Regel werden keine Daten \u00fcber Kinder erhoben. Soweit wir uns davon \u00fcberzeugen, dass solche Daten uns ohne Einwilligung der Eltern oder der gesetzlichen Betreuer \u00fcbermittelt wurden, werden sie innerhalb m\u00f6glichst kurzer Frist gel\u00f6scht. Dabei werden wir uns an die Anweisungen halten, die wir von Ihnen als einem Elternteil oder einem gesetzlichen Betreuer bekommen haben.<\/p>\n\n\n\n<p>Wenn wir trotzdem Daten \u00fcber die Kinder f\u00fcr einen bestimmten Zweck erheben, die in einem Alter sind, in dem nach den geltenden Gesetzen eine Einwilligung der Eltern f\u00fcr die Verarbeitung ihrer personenbezogenen Daten notwendig ist, werden wir dar\u00fcber eine entsprechende Information erteilen und sinnvolle Ma\u00dfnahmen ergreifen, um festzustellen, ob die Kinder die Einwilligung der Eltern oder der gesetzlichen Betreuer haben.<\/p>\n\n\n\n<h3 class=\"wp-block-heading\"><strong><strong>Datensicherheit<\/strong><\/strong><\/h3>\n\n\n\n<p>Wir haben s\u00e4mtliche technische und organisatorische Ma\u00dfnahmen implementiert, um Verlust, \u00c4nderung, Diebstahl oder Zugriff durch unbefugte Dritte bzw. irgendwelche unbefugte Verarbeitung Ihrer Daten zu verhindern. Der Zugriff auf Ihre personenbezogenen Daten ist lediglich auf diejenigen Mitarbeiter beschr\u00e4nkt, denen diese Informationen f\u00fcr die Erbringung unserer Dienstleistungen bzw. die Bearbeitung Ihrer Anfrage notwendig sind. Wir schulen unsere Mitarbeiter kontinuierlich \u00fcber die Bedeutung der Datenvertraulichkeit sowie \u00fcber den Schutz Ihrer Privatsph\u00e4re und Schutz Ihrer Daten. Wir erheben nur diejenigen Daten, die f\u00fcr die betreffende Verarbeitung notwendig sind und bewahren sie nicht l\u00e4nger als n\u00f6tig auf, was durch unsere Vorschriften festgelegt ist.<\/p>\n\n\n\n<p>Auf unserer Webseite finden Sie manchmal Links auf andere Webseiten oder Portale und wir k\u00f6nnen Ihnen auch Merkmale sozialer Netzwerke anbieten, die das Teilen personenbezogener Daten in sozialen Netzwerken erm\u00f6glichen. Unsere Empfehlung lautet, dass Sie sich auf jeden Fall zuerst mit den Regeln zum Schutz personenbezogener Daten dieser Portale oder sozialer Netzwerke oder Dritter sowie mit den von ihnen ergriffenen Sicherheitsma\u00dfnahmen vertraut machen, weil sich diese von diesen Regeln und den von uns ergriffenen Ma\u00dfnahmen unterscheiden k\u00f6nnen, wof\u00fcr wir nicht haftbar gemacht werden k\u00f6nnen.<\/p>\n\n\n\n<h3 class=\"wp-block-heading\"><strong>Haftungseinschr\u00e4nkung<\/strong><\/h3>\n\n\n\n<p>Obwohl wir die uns zur Verf\u00fcgung stehenden technischen, organisatorischen und personaltechnischen Ma\u00dfnahmen zum Schutz personenbezogener Daten vor zuf\u00e4lligem oder vors\u00e4tzlichem Missbrauch, Vernichtung, Verlust, unbefugter \u00c4nderungen oder Zugriffe ergreifen, k\u00f6nnen wir nicht garantieren, dass einige personenbezogenen Daten, die wir erheben, nie zuf\u00e4llig entdeckt werden, entgegen den Bestimmungen dieser Regeln zum Schutz der Privatsph\u00e4re.<\/p>\n\n\n\n<p>Bis zum h\u00f6chsten gesetzlich erlaubten Ma\u00df wird jegliche Haftung f\u00fcr Sch\u00e4den ausgeschlossen, die den Nutzern oder Dritten durch zuf\u00e4llige Entdeckung personenbezogener Daten zugef\u00fcgt wird.<\/p>\n\n\n\n<p>Da wir keine Kontrolle \u00fcber personenbezogene Daten haben, die Sie beim Besuch oder Verwendung anderer Portale bzw. direkt Dritten abgeben (z.B. bei der Teilnahme an gesponserten Aktivit\u00e4ten), schlie\u00dfen wir bis zum h\u00f6chsten gesetzlich erlaubten Ma\u00df die Haftung f\u00fcr Sch\u00e4den aus, die Ihnen oder Dritten aufgrund der Abgabe personenbezogener Daten entstehen k\u00f6nnen.<\/p>\n\n\n\n<h3 class=\"wp-block-heading\"><strong>Aktualisierungen und \u00c4nderungen<\/strong><\/h3>\n\n\n\n<p>Wir behalten uns das Recht auf \u00c4nderung oder Aktualisierung der Teile der Regeln jederzeit und ohne vorherige Ank\u00fcndigung vor. Besuchen Sie unsere Webseite von Zeit zu Zeit, um sich mit den \u00c4nderungen oder Aktualisierungen dieser Regeln vertraut zu machen. Wir werden den Zeitpunkt des Beginns der Anwendung der aktuellen Fassung der Regeln angeben.<\/p>\n\n\n\n<p>Diese Regeln wurden zuletzt am 24. 5. 2018 ge\u00e4ndert.<\/p>\n\n\n        <\/div>\n    <\/div>\n<\/div>","protected":false},"excerpt":{"rendered":"","protected":false},"author":1,"featured_media":0,"parent":0,"menu_order":0,"comment_status":"closed","ping_status":"closed","template":"","meta":{"_acf_changed":false,"footnotes":""},"class_list":["post-1417","page","type-page","status-publish","hentry"],"acf":[],"yoast_head":"<!-- This site is optimized with the Yoast SEO plugin v27.4 - https:\/\/yoast.com\/product\/yoast-seo-wordpress\/ -->\n<title>Regeln zum Schutz der Privatsph\u00e4re - DoNatural<\/title>\n<meta name=\"robots\" content=\"index, follow, max-snippet:-1, max-image-preview:large, max-video-preview:-1\" \/>\n<link rel=\"canonical\" href=\"https:\/\/www.donatural.com\/at\/datenschutzbestimmungen\/\" \/>\n<meta property=\"og:locale\" content=\"de_DE\" \/>\n<meta property=\"og:type\" content=\"article\" \/>\n<meta property=\"og:title\" content=\"Regeln zum Schutz der Privatsph\u00e4re - DoNatural\" \/>\n<meta property=\"og:url\" content=\"https:\/\/www.donatural.com\/at\/datenschutzbestimmungen\/\" \/>\n<meta property=\"og:site_name\" content=\"DoNatural\" \/>\n<meta property=\"article:modified_time\" content=\"2026-03-06T13:13:42+00:00\" \/>\n<meta name=\"twitter:card\" content=\"summary_large_image\" \/>\n<meta name=\"twitter:label1\" content=\"Gesch\u00e4tzte Lesezeit\" \/>\n\t<meta name=\"twitter:data1\" content=\"8 Minuten\" \/>\n<script type=\"application\/ld+json\" class=\"yoast-schema-graph\">{\"@context\":\"https:\\\/\\\/schema.org\",\"@graph\":[{\"@type\":\"WebPage\",\"@id\":\"https:\\\/\\\/www.donatural.com\\\/at\\\/datenschutzbestimmungen\\\/\",\"url\":\"https:\\\/\\\/www.donatural.com\\\/at\\\/datenschutzbestimmungen\\\/\",\"name\":\"Regeln zum Schutz der Privatsph\u00e4re - DoNatural\",\"isPartOf\":{\"@id\":\"https:\\\/\\\/www.donatural.com\\\/at\\\/#website\"},\"datePublished\":\"2025-02-11T12:52:10+00:00\",\"dateModified\":\"2026-03-06T13:13:42+00:00\",\"breadcrumb\":{\"@id\":\"https:\\\/\\\/www.donatural.com\\\/at\\\/datenschutzbestimmungen\\\/#breadcrumb\"},\"inLanguage\":\"de-AT\",\"potentialAction\":[{\"@type\":\"ReadAction\",\"target\":[\"https:\\\/\\\/www.donatural.com\\\/at\\\/datenschutzbestimmungen\\\/\"]}]},{\"@type\":\"BreadcrumbList\",\"@id\":\"https:\\\/\\\/www.donatural.com\\\/at\\\/datenschutzbestimmungen\\\/#breadcrumb\",\"itemListElement\":[{\"@type\":\"ListItem\",\"position\":1,\"name\":\"Home\",\"item\":\"https:\\\/\\\/www.donatural.com\\\/at\\\/\"},{\"@type\":\"ListItem\",\"position\":2,\"name\":\"&hellip;\"}]},{\"@type\":\"WebSite\",\"@id\":\"https:\\\/\\\/www.donatural.com\\\/at\\\/#website\",\"url\":\"https:\\\/\\\/www.donatural.com\\\/at\\\/\",\"name\":\"Donatural\",\"description\":\"\",\"publisher\":{\"@id\":\"https:\\\/\\\/www.donatural.com\\\/at\\\/#organization\"},\"potentialAction\":[{\"@type\":\"SearchAction\",\"target\":{\"@type\":\"EntryPoint\",\"urlTemplate\":\"https:\\\/\\\/www.donatural.com\\\/at\\\/?s={search_term_string}\"},\"query-input\":{\"@type\":\"PropertyValueSpecification\",\"valueRequired\":true,\"valueName\":\"search_term_string\"}}],\"inLanguage\":\"de-AT\"},{\"@type\":\"Organization\",\"@id\":\"https:\\\/\\\/www.donatural.com\\\/at\\\/#organization\",\"name\":\"Donatural\",\"url\":\"https:\\\/\\\/www.donatural.com\\\/at\\\/\",\"logo\":{\"@type\":\"ImageObject\",\"inLanguage\":\"de-AT\",\"@id\":\"https:\\\/\\\/www.donatural.com\\\/at\\\/#\\\/schema\\\/logo\\\/image\\\/\",\"url\":\"https:\\\/\\\/www.donatural.com\\\/wp-content\\\/uploads\\\/2025\\\/02\\\/DONATURAL-LOGO.png\",\"contentUrl\":\"https:\\\/\\\/www.donatural.com\\\/wp-content\\\/uploads\\\/2025\\\/02\\\/DONATURAL-LOGO.png\",\"width\":1855,\"height\":348,\"caption\":\"Donatural\"},\"image\":{\"@id\":\"https:\\\/\\\/www.donatural.com\\\/at\\\/#\\\/schema\\\/logo\\\/image\\\/\"}}]}<\/script>\n<!-- \/ Yoast SEO plugin. -->","yoast_head_json":{"title":"Regeln zum Schutz der Privatsph\u00e4re - DoNatural","robots":{"index":"index","follow":"follow","max-snippet":"max-snippet:-1","max-image-preview":"max-image-preview:large","max-video-preview":"max-video-preview:-1"},"canonical":"https:\/\/www.donatural.com\/at\/datenschutzbestimmungen\/","og_locale":"de_DE","og_type":"article","og_title":"Regeln zum Schutz der Privatsph\u00e4re - DoNatural","og_url":"https:\/\/www.donatural.com\/at\/datenschutzbestimmungen\/","og_site_name":"DoNatural","article_modified_time":"2026-03-06T13:13:42+00:00","twitter_card":"summary_large_image","twitter_misc":{"Gesch\u00e4tzte Lesezeit":"8 Minuten"},"schema":{"@context":"https:\/\/schema.org","@graph":[{"@type":"WebPage","@id":"https:\/\/www.donatural.com\/at\/datenschutzbestimmungen\/","url":"https:\/\/www.donatural.com\/at\/datenschutzbestimmungen\/","name":"Regeln zum Schutz der Privatsph\u00e4re - DoNatural","isPartOf":{"@id":"https:\/\/www.donatural.com\/at\/#website"},"datePublished":"2025-02-11T12:52:10+00:00","dateModified":"2026-03-06T13:13:42+00:00","breadcrumb":{"@id":"https:\/\/www.donatural.com\/at\/datenschutzbestimmungen\/#breadcrumb"},"inLanguage":"de-AT","potentialAction":[{"@type":"ReadAction","target":["https:\/\/www.donatural.com\/at\/datenschutzbestimmungen\/"]}]},{"@type":"BreadcrumbList","@id":"https:\/\/www.donatural.com\/at\/datenschutzbestimmungen\/#breadcrumb","itemListElement":[{"@type":"ListItem","position":1,"name":"Home","item":"https:\/\/www.donatural.com\/at\/"},{"@type":"ListItem","position":2,"name":"&hellip;"}]},{"@type":"WebSite","@id":"https:\/\/www.donatural.com\/at\/#website","url":"https:\/\/www.donatural.com\/at\/","name":"Donatural","description":"","publisher":{"@id":"https:\/\/www.donatural.com\/at\/#organization"},"potentialAction":[{"@type":"SearchAction","target":{"@type":"EntryPoint","urlTemplate":"https:\/\/www.donatural.com\/at\/?s={search_term_string}"},"query-input":{"@type":"PropertyValueSpecification","valueRequired":true,"valueName":"search_term_string"}}],"inLanguage":"de-AT"},{"@type":"Organization","@id":"https:\/\/www.donatural.com\/at\/#organization","name":"Donatural","url":"https:\/\/www.donatural.com\/at\/","logo":{"@type":"ImageObject","inLanguage":"de-AT","@id":"https:\/\/www.donatural.com\/at\/#\/schema\/logo\/image\/","url":"https:\/\/www.donatural.com\/wp-content\/uploads\/2025\/02\/DONATURAL-LOGO.png","contentUrl":"https:\/\/www.donatural.com\/wp-content\/uploads\/2025\/02\/DONATURAL-LOGO.png","width":1855,"height":348,"caption":"Donatural"},"image":{"@id":"https:\/\/www.donatural.com\/at\/#\/schema\/logo\/image\/"}}]}},"_links":{"self":[{"href":"https:\/\/www.donatural.com\/at\/wp-json\/wp\/v2\/pages\/1417","targetHints":{"allow":["GET"]}}],"collection":[{"href":"https:\/\/www.donatural.com\/at\/wp-json\/wp\/v2\/pages"}],"about":[{"href":"https:\/\/www.donatural.com\/at\/wp-json\/wp\/v2\/types\/page"}],"author":[{"embeddable":true,"href":"https:\/\/www.donatural.com\/at\/wp-json\/wp\/v2\/users\/1"}],"replies":[{"embeddable":true,"href":"https:\/\/www.donatural.com\/at\/wp-json\/wp\/v2\/comments?post=1417"}],"version-history":[{"count":1,"href":"https:\/\/www.donatural.com\/at\/wp-json\/wp\/v2\/pages\/1417\/revisions"}],"predecessor-version":[{"id":1524,"href":"https:\/\/www.donatural.com\/at\/wp-json\/wp\/v2\/pages\/1417\/revisions\/1524"}],"wp:attachment":[{"href":"https:\/\/www.donatural.com\/at\/wp-json\/wp\/v2\/media?parent=1417"}],"curies":[{"name":"wp","href":"https:\/\/api.w.org\/{rel}","templated":true}]}}