{"id":1418,"date":"2025-02-24T11:56:26","date_gmt":"2025-02-24T10:56:26","guid":{"rendered":"https:\/\/www.donatural.com\/politika-piskotkov\/"},"modified":"2026-03-06T14:10:27","modified_gmt":"2026-03-06T13:10:27","slug":"cookie-politik","status":"publish","type":"page","link":"https:\/\/www.donatural.com\/at\/cookie-politik\/","title":{"rendered":"Cookie-Politik"},"content":{"rendered":"<div id=\"\"\n     class=\"ow_container_section has-584-container content_padding_top_80 content_padding_bottom_80\">\n            <div class=\"container\">\n        <div class=\"content\">\n            \n\n<h1 class=\"wp-block-heading mt64 mb32\"><strong>Cookie-Politik<\/strong><\/h1>\n\n\n\n<p>Damit diese Webseite ordentlich funktionieren kann und wir in der Lage sein k\u00f6nnen, weitere Verbesserungen dieser Seite zum Zwecke des benutzerfreundlicheren Browsens durchzuf\u00fchren, muss diese Seite auf Ihrem Rechner eine kleine Menge von Informationen (Cookies) speichern. \u00dcber 90% der Webseiten verwendet Cookies und sie sind nach den Regeln der Europ\u00e4ischen Union verpflichtet, die Einwilligung des Nutzers einzuholen. Durch Verwendung der Webseite erkl\u00e4ren sie sich mit der Setzung von Cookies einverstanden. Falls Sie die Cookies blockieren, k\u00f6nnen Sie die Seite auch weiterhin durchsehen, jedoch werden einige Features nicht sichtbar sein.<\/p>\n\n\n\n<h3 class=\"wp-block-heading\"><strong>Was ist ein Cookie?<\/strong><\/h3>\n\n\n\n<p>Cookies sind Informationen, die auf Ihrem Computer von der Webseite gespeichert werden, die Sie besuchen. Cookies speichern normalerweise Ihre Einstellungen f\u00fcr die Webseite, wie z.B. die bevorzugte Sprache oder Adresse. Wenn Sie sp\u00e4ter dieselbe Webseite \u00f6ffnen, versendet der Webbrowser Cookies, die sich auf dieser Seite befinden. Dies erm\u00f6glicht der Seite, Informationen anzuzeigen, die an Ihre Bed\u00fcrfnisse angepasst sind.<\/p>\n\n\n\n<p>Cookies k\u00f6nnen eine gro\u00dfe Bandbreite an Informationen, einschlie\u00dflich pers\u00f6nlicher Informationen (wie z.B. Ihren Namen oder Ihre E-Mail-Adresse) speichern. Dennoch kann diese Information nur dann gespeichert werden, wenn Sie diese Option erm\u00f6glichen. Webseiten k\u00f6nnen keinen Zugang zu Informationen haben, die Sie ihnen nicht gegeben haben und k\u00f6nnen keinen Zugang zu anderen, auf Ihrem Rechner befindlichen Daten haben. Die vorgegebenen Aktivit\u00e4ten der Speicherung und Versendung von Cookies sind f\u00fcr Sie nicht ersichtlich. Sie k\u00f6nnen dennoch Ihre Webbrowser-Einstellungen so \u00e4ndern, dass Sie selbst w\u00e4hlen k\u00f6nnen, ob Sie Antr\u00e4ge auf Speicherung von Cookies zulassen oder ablehnen wollen oder ob Sie die gespeicherten Cookies automatisch bei der Schlie\u00dfung des Webbrowsers l\u00f6schen wollen und \u00c4hnliches.<\/p>\n\n\n\n<h3 class=\"wp-block-heading\"><strong>Wie k\u00f6nnen Sie Cookies deaktivieren?<\/strong><\/h3>\n\n\n\n<p>Durch Aktivierung bzw. Deaktivierung von Cookies beschlie\u00dfen Sie, ob Sie die Speicherung von Cookies auf Ihrem Computer zulassen m\u00f6chten oder nicht. Die Cookie-Einstellungen k\u00f6nnen auf Ihrem Webbrowser kontrolliert und konfiguriert werden. Bez\u00fcglich Informationen \u00fcber Cookie-Einstellungen w\u00e4hlen Sie bitte den Webbrowser, den Sie ben\u00fctzen.<\/p>\n\n\n\n<h3 class=\"wp-block-heading\"><strong>Was sind Session-Cookies?<\/strong><\/h3>\n\n\n\n<p>Sitzungscookies oder Session-Cookies werden von dem Computer nach Schlie\u00dfung des Webbrowsers entfernt. Dadurch speichern die Webseiten vorl\u00e4ufige Daten, wie z.B. Artikel im Einkaufskorb.<\/p>\n\n\n\n<h3 class=\"wp-block-heading\"><strong>Was sind Persistent-Cookies?<\/strong><\/h3>\n\n\n\n<p>Persistent-Cookies bleiben auf dem Computer auch nach der Schlie\u00dfung des Webbrowser-Programms. Durch sie speichern die Webseiten Daten, wie z.B. Namen f\u00fcr die Anmeldung und das Passwort, so dass Sie sich nicht nach jedem Besuch einer bestimmten Webseite anmelden m\u00fcssen. Persistent-Cookies bleiben auf dem Computer tagelang, monatelang oder sogar jahrelang.<\/p>\n\n\n\n<h3 class=\"wp-block-heading\"><strong>Was sind Cookies von Erstanbietern?<\/strong><\/h3>\n\n\n\n<p>Cookies von Erstanbietern kommen von der Webseite, die Sie gerade besuchen und k\u00f6nnen dauerhaft oder vor\u00fcbergehend sein. Mit Hilfe dieser Cookies k\u00f6nnen die Webstellen Daten speichern, die sie beim n\u00e4chsten Besuch dieser Webstelle wieder verwenden werden.<\/p>\n\n\n\n<h3 class=\"wp-block-heading\"><strong>Was sind Cookies von Drittanbietern?<\/strong><\/h3>\n\n\n\n<p>Cookies von Drittanbietern kommen als Werbung von einer anderen Webseite (wie z.B. Flash-Werbungen oder andere Werbungen) als von der, die Sie gerade besuchen. Mit Hilfe dieser Cookies k\u00f6nnen die Webstellen die Nutzung von Internetdiensten zu Marketingzwecken verfolgen.<\/p>\n\n\n\n<h3 class=\"wp-block-heading\"><strong>Verwendet diese Webseite Cookies?<\/strong><\/h3>\n\n\n\n<p>Ja, wobei unser Prim\u00e4rziel ist, dass Sie unsere Webseiten leichter browsen k\u00f6nnen.<\/p>\n\n\n\n<h3 class=\"wp-block-heading\"><strong>Was f\u00fcr Cookies verwendet diese Webseite und warum?<\/strong><\/h3>\n\n\n\n<p>Sitzungscookies (Session cookies) \u2013 sind Cookies, die dann ablaufen (und automatisch gel\u00f6scht werden), wenn Sie den Webbrowser schlie\u00dfen. Wir verwenden \u201eSitzungscookies\u201c, um die Nutzererfahrung w\u00e4hrend des Besuchs zu verbessern.<\/p>\n\n\n\n<p>Dauerhafte Cookies (Persistent cookies) \u2013 sie haben \u00fcblicherweise ein Ablaufdatum, das weit in der Zukunft liegt und in Ihrem Browser gespeichert bleiben, bis sie abgelaufen sind oder von ihnen manuell gel\u00f6scht werden. Wir verwenden dauerhafte Cookies, um die Nutzergewohnheiten besser zu verstehen, sodass wir die Webseite entsprechend Ihren Gewohnheiten verbessern k\u00f6nnen. Sie k\u00f6nnen allerdings aufgrund der so erhobenen Daten nicht als Nutzer identifiziert werden und die erhobenen Daten werden ausschlie\u00dflich zu statistischen Zwecken verwendet.<\/p>\n\n\n\n<h3 class=\"wp-block-heading\"><strong>Gibt es auf dieser Webseite Cookies von Drittanbietern?<\/strong><\/h3>\n\n\n\n<p>Es gibt einige externe Dienste, die eingeschr\u00e4nkte Cookies f\u00fcr den Nutzer speichern. Diese Cookies wurden nicht von dieser Webseite gesetzt, aber einige dienen der normalen Funktion bestimmter Features, die den Nutzern den Zugang zum Inhalt erleichtern. Deshalb gelten die Informationen zum Datenschutz, mit denen Sie hier vertraut gemacht werden, nur f\u00fcr diese Webseite, w\u00e4hrend der Datenschutz der externen Servicebetreiber auf ihren offiziellen Seiten \u00fcberpr\u00fcft werden soll.<\/p>\n\n\n\n<p>Derzeit erm\u00f6glichen wir:<\/p>\n\n\n\n<h3 class=\"wp-block-heading\"><strong>Messung von Besuchsfrequenz<\/strong><\/h3>\n\n\n\n<p>Diese Webseite verwendet einen Dienst zur Messung von Besuchsfrequenz, das ist: Google Analytics. Aufgrund der so erhobenen Daten kann der Nutzer ebenso nicht identifiziert werden, w\u00e4hrend die erhobenen Daten ausschlie\u00dflich zu statistischen Zwecken eingesetzt werden. Wenn Sie blockieren m\u00f6chten, dass die genannten Webanalysedienste Cookies f\u00fcr Sie speichern, k\u00f6nnen Sie das f\u00fcr jeden Servicebetreiber unter folgenden Links verbieten:<\/p>\n\n\n\n<ul class=\"wp-block-list\">\n<li>Google Analytics &#8211; <a href=\"https:\/\/tools.google.com\/dlpage\/gaoptout\">https:\/\/tools.google.com\/dlpage\/gaoptout<\/a><\/li>\n<\/ul>\n\n\n\n<h3 class=\"wp-block-heading\"><strong>Zus\u00e4tzliche Informationen zum Deaktivieren von Cookies<\/strong><\/h3>\n\n\n\n<p>Derzeit gibt es einige Webseiten zum Deaktivieren der Speicherung von Cookies von verschiedenen Servicebetreibern.<\/p>\n\n\n\n<p>Mehr Informationen erhalten Sie unter folgenden Links:<\/p>\n\n\n\n<ul class=\"wp-block-list\">\n<li><a href=\"http:\/\/www.allaboutcookies.org\/\">http:\/\/www.allaboutcookies.org\/<\/a><\/li>\n\n\n\n<li><a href=\"http:\/\/www.youronlinechoices.eu\/\">http:\/\/www.youronlinechoices.eu\/<\/a><\/li>\n<\/ul>\n\n\n        <\/div>\n    <\/div>\n<\/div>\n\n\n<p><\/p>\n","protected":false},"excerpt":{"rendered":"","protected":false},"author":1,"featured_media":0,"parent":0,"menu_order":0,"comment_status":"closed","ping_status":"closed","template":"","meta":{"_acf_changed":false,"footnotes":""},"class_list":["post-1418","page","type-page","status-publish","hentry"],"acf":[],"yoast_head":"<!-- This site is optimized with the Yoast SEO plugin v27.4 - https:\/\/yoast.com\/product\/yoast-seo-wordpress\/ -->\n<title>Cookie-Politik - DoNatural<\/title>\n<meta name=\"robots\" content=\"index, follow, max-snippet:-1, max-image-preview:large, max-video-preview:-1\" \/>\n<link rel=\"canonical\" href=\"https:\/\/www.donatural.com\/at\/cookie-politik\/\" \/>\n<meta property=\"og:locale\" content=\"de_DE\" \/>\n<meta property=\"og:type\" content=\"article\" \/>\n<meta property=\"og:title\" content=\"Cookie-Politik - DoNatural\" \/>\n<meta property=\"og:url\" content=\"https:\/\/www.donatural.com\/at\/cookie-politik\/\" \/>\n<meta property=\"og:site_name\" content=\"DoNatural\" \/>\n<meta property=\"article:modified_time\" content=\"2026-03-06T13:10:27+00:00\" \/>\n<meta name=\"twitter:card\" content=\"summary_large_image\" \/>\n<meta name=\"twitter:label1\" content=\"Gesch\u00e4tzte Lesezeit\" \/>\n\t<meta name=\"twitter:data1\" content=\"4 Minuten\" \/>\n<script type=\"application\/ld+json\" class=\"yoast-schema-graph\">{\"@context\":\"https:\\\/\\\/schema.org\",\"@graph\":[{\"@type\":\"WebPage\",\"@id\":\"https:\\\/\\\/www.donatural.com\\\/at\\\/cookie-politik\\\/\",\"url\":\"https:\\\/\\\/www.donatural.com\\\/at\\\/cookie-politik\\\/\",\"name\":\"Cookie-Politik - DoNatural\",\"isPartOf\":{\"@id\":\"https:\\\/\\\/www.donatural.com\\\/at\\\/#website\"},\"datePublished\":\"2025-02-24T10:56:26+00:00\",\"dateModified\":\"2026-03-06T13:10:27+00:00\",\"breadcrumb\":{\"@id\":\"https:\\\/\\\/www.donatural.com\\\/at\\\/cookie-politik\\\/#breadcrumb\"},\"inLanguage\":\"de-AT\",\"potentialAction\":[{\"@type\":\"ReadAction\",\"target\":[\"https:\\\/\\\/www.donatural.com\\\/at\\\/cookie-politik\\\/\"]}]},{\"@type\":\"BreadcrumbList\",\"@id\":\"https:\\\/\\\/www.donatural.com\\\/at\\\/cookie-politik\\\/#breadcrumb\",\"itemListElement\":[{\"@type\":\"ListItem\",\"position\":1,\"name\":\"Home\",\"item\":\"https:\\\/\\\/www.donatural.com\\\/at\\\/\"},{\"@type\":\"ListItem\",\"position\":2,\"name\":\"Cookie-Politik\"}]},{\"@type\":\"WebSite\",\"@id\":\"https:\\\/\\\/www.donatural.com\\\/at\\\/#website\",\"url\":\"https:\\\/\\\/www.donatural.com\\\/at\\\/\",\"name\":\"Donatural\",\"description\":\"\",\"publisher\":{\"@id\":\"https:\\\/\\\/www.donatural.com\\\/at\\\/#organization\"},\"potentialAction\":[{\"@type\":\"SearchAction\",\"target\":{\"@type\":\"EntryPoint\",\"urlTemplate\":\"https:\\\/\\\/www.donatural.com\\\/at\\\/?s={search_term_string}\"},\"query-input\":{\"@type\":\"PropertyValueSpecification\",\"valueRequired\":true,\"valueName\":\"search_term_string\"}}],\"inLanguage\":\"de-AT\"},{\"@type\":\"Organization\",\"@id\":\"https:\\\/\\\/www.donatural.com\\\/at\\\/#organization\",\"name\":\"Donatural\",\"url\":\"https:\\\/\\\/www.donatural.com\\\/at\\\/\",\"logo\":{\"@type\":\"ImageObject\",\"inLanguage\":\"de-AT\",\"@id\":\"https:\\\/\\\/www.donatural.com\\\/at\\\/#\\\/schema\\\/logo\\\/image\\\/\",\"url\":\"https:\\\/\\\/www.donatural.com\\\/wp-content\\\/uploads\\\/2025\\\/02\\\/DONATURAL-LOGO.png\",\"contentUrl\":\"https:\\\/\\\/www.donatural.com\\\/wp-content\\\/uploads\\\/2025\\\/02\\\/DONATURAL-LOGO.png\",\"width\":1855,\"height\":348,\"caption\":\"Donatural\"},\"image\":{\"@id\":\"https:\\\/\\\/www.donatural.com\\\/at\\\/#\\\/schema\\\/logo\\\/image\\\/\"}}]}<\/script>\n<!-- \/ Yoast SEO plugin. -->","yoast_head_json":{"title":"Cookie-Politik - DoNatural","robots":{"index":"index","follow":"follow","max-snippet":"max-snippet:-1","max-image-preview":"max-image-preview:large","max-video-preview":"max-video-preview:-1"},"canonical":"https:\/\/www.donatural.com\/at\/cookie-politik\/","og_locale":"de_DE","og_type":"article","og_title":"Cookie-Politik - DoNatural","og_url":"https:\/\/www.donatural.com\/at\/cookie-politik\/","og_site_name":"DoNatural","article_modified_time":"2026-03-06T13:10:27+00:00","twitter_card":"summary_large_image","twitter_misc":{"Gesch\u00e4tzte Lesezeit":"4 Minuten"},"schema":{"@context":"https:\/\/schema.org","@graph":[{"@type":"WebPage","@id":"https:\/\/www.donatural.com\/at\/cookie-politik\/","url":"https:\/\/www.donatural.com\/at\/cookie-politik\/","name":"Cookie-Politik - DoNatural","isPartOf":{"@id":"https:\/\/www.donatural.com\/at\/#website"},"datePublished":"2025-02-24T10:56:26+00:00","dateModified":"2026-03-06T13:10:27+00:00","breadcrumb":{"@id":"https:\/\/www.donatural.com\/at\/cookie-politik\/#breadcrumb"},"inLanguage":"de-AT","potentialAction":[{"@type":"ReadAction","target":["https:\/\/www.donatural.com\/at\/cookie-politik\/"]}]},{"@type":"BreadcrumbList","@id":"https:\/\/www.donatural.com\/at\/cookie-politik\/#breadcrumb","itemListElement":[{"@type":"ListItem","position":1,"name":"Home","item":"https:\/\/www.donatural.com\/at\/"},{"@type":"ListItem","position":2,"name":"Cookie-Politik"}]},{"@type":"WebSite","@id":"https:\/\/www.donatural.com\/at\/#website","url":"https:\/\/www.donatural.com\/at\/","name":"Donatural","description":"","publisher":{"@id":"https:\/\/www.donatural.com\/at\/#organization"},"potentialAction":[{"@type":"SearchAction","target":{"@type":"EntryPoint","urlTemplate":"https:\/\/www.donatural.com\/at\/?s={search_term_string}"},"query-input":{"@type":"PropertyValueSpecification","valueRequired":true,"valueName":"search_term_string"}}],"inLanguage":"de-AT"},{"@type":"Organization","@id":"https:\/\/www.donatural.com\/at\/#organization","name":"Donatural","url":"https:\/\/www.donatural.com\/at\/","logo":{"@type":"ImageObject","inLanguage":"de-AT","@id":"https:\/\/www.donatural.com\/at\/#\/schema\/logo\/image\/","url":"https:\/\/www.donatural.com\/wp-content\/uploads\/2025\/02\/DONATURAL-LOGO.png","contentUrl":"https:\/\/www.donatural.com\/wp-content\/uploads\/2025\/02\/DONATURAL-LOGO.png","width":1855,"height":348,"caption":"Donatural"},"image":{"@id":"https:\/\/www.donatural.com\/at\/#\/schema\/logo\/image\/"}}]}},"_links":{"self":[{"href":"https:\/\/www.donatural.com\/at\/wp-json\/wp\/v2\/pages\/1418","targetHints":{"allow":["GET"]}}],"collection":[{"href":"https:\/\/www.donatural.com\/at\/wp-json\/wp\/v2\/pages"}],"about":[{"href":"https:\/\/www.donatural.com\/at\/wp-json\/wp\/v2\/types\/page"}],"author":[{"embeddable":true,"href":"https:\/\/www.donatural.com\/at\/wp-json\/wp\/v2\/users\/1"}],"replies":[{"embeddable":true,"href":"https:\/\/www.donatural.com\/at\/wp-json\/wp\/v2\/comments?post=1418"}],"version-history":[{"count":1,"href":"https:\/\/www.donatural.com\/at\/wp-json\/wp\/v2\/pages\/1418\/revisions"}],"predecessor-version":[{"id":1520,"href":"https:\/\/www.donatural.com\/at\/wp-json\/wp\/v2\/pages\/1418\/revisions\/1520"}],"wp:attachment":[{"href":"https:\/\/www.donatural.com\/at\/wp-json\/wp\/v2\/media?parent=1418"}],"curies":[{"name":"wp","href":"https:\/\/api.w.org\/{rel}","templated":true}]}}