{"id":620,"date":"2025-02-26T12:49:30","date_gmt":"2025-02-26T11:49:30","guid":{"rendered":"https:\/\/www.donatural.com\/?page_id=620"},"modified":"2026-03-06T11:52:02","modified_gmt":"2026-03-06T10:52:02","slug":"kje-kupiti","status":"publish","type":"page","link":"https:\/\/www.donatural.com\/sl\/kje-kupiti\/","title":{"rendered":"Kje kupiti"},"content":{"rendered":"<div  class='wp-block-ow wp-block-ow-where-to-buy  content_padding_bottom_120'><picture class='where-to-buy__inner-decoration'><source media='(max-width: 767px)' srcset=''  alt=''><img src='https:\/\/www.donatural.com\/wp-content\/uploads\/2026\/03\/pattern-vijuge-obrezan.png' alt=''><\/picture><div class='container'><div class='content'><nav aria-label=\"breadcrumbs\" id=\"breadcrumbs\" class=\"mb40\"><span><span><a href=\"https:\/\/www.donatural.com\/sl\/\">Domov<\/a><\/span><\/span><\/nav><h1>Kje kupiti DoNatural<\/h1><p class='mt16 has-feature-font-size max688'>DoNatural je trenutno na voljo pri vseh ve\u010djih trgovcih z \u017eivili in bencinskih servisih. Oglej si spodnji seznam.<\/p><div class='where-to-buy mt56'><a href='https:\/\/www.spar.si\/online\/search\/?q=donatural&#038;query=donatural&#038;hitsPerPage=72&#038;q1=&#038;x1=product-lifestyleInf&#038;substringFilter=pos-visible:81701' target='_blank' class='where-to-buy__store'><img loading=\"lazy\" decoding=\"async\" width=\"2560\" height=\"407\" src=\"https:\/\/www.donatural.com\/wp-content\/uploads\/2025\/06\/Spar-logo.png\" class=\"attachment-full size-full\" alt=\"\" srcset=\"https:\/\/www.donatural.com\/wp-content\/uploads\/2025\/06\/Spar-logo.png 2560w, https:\/\/www.donatural.com\/wp-content\/uploads\/2025\/06\/Spar-logo-300x48.png 300w, https:\/\/www.donatural.com\/wp-content\/uploads\/2025\/06\/Spar-logo-1024x163.png 1024w, https:\/\/www.donatural.com\/wp-content\/uploads\/2025\/06\/Spar-logo-1536x244.png 1536w, https:\/\/www.donatural.com\/wp-content\/uploads\/2025\/06\/Spar-logo-2048x326.png 2048w\" sizes=\"auto, (max-width: 2560px) 100vw, 2560px\" \/><\/a><a href='https:\/\/mercatoronline.si\/brskaj#search=donatural' target='_blank' class='where-to-buy__store'><img loading=\"lazy\" decoding=\"async\" width=\"1200\" height=\"435\" src=\"https:\/\/www.donatural.com\/wp-content\/uploads\/2025\/06\/Mercator-logo.png\" class=\"attachment-full size-full\" alt=\"\" srcset=\"https:\/\/www.donatural.com\/wp-content\/uploads\/2025\/06\/Mercator-logo.png 1200w, https:\/\/www.donatural.com\/wp-content\/uploads\/2025\/06\/Mercator-logo-300x109.png 300w, https:\/\/www.donatural.com\/wp-content\/uploads\/2025\/06\/Mercator-logo-1024x371.png 1024w\" sizes=\"auto, (max-width: 1200px) 100vw, 1200px\" \/><\/a><a href='https:\/\/hitrinakup.com\/iskanje?string=DoNatural' target='_blank' class='where-to-buy__store'><img loading=\"lazy\" decoding=\"async\" width=\"245\" height=\"206\" src=\"https:\/\/www.donatural.com\/wp-content\/uploads\/2025\/06\/Tus-logo.png\" class=\"attachment-full size-full\" alt=\"\" \/><\/a><div class='where-to-buy__store'><img loading=\"lazy\" decoding=\"async\" width=\"2000\" height=\"394\" src=\"https:\/\/www.donatural.com\/wp-content\/uploads\/2025\/06\/Mueller-logo.png\" class=\"attachment-full size-full\" alt=\"\" srcset=\"https:\/\/www.donatural.com\/wp-content\/uploads\/2025\/06\/Mueller-logo.png 2000w, https:\/\/www.donatural.com\/wp-content\/uploads\/2025\/06\/Mueller-logo-300x59.png 300w, https:\/\/www.donatural.com\/wp-content\/uploads\/2025\/06\/Mueller-logo-1024x202.png 1024w, https:\/\/www.donatural.com\/wp-content\/uploads\/2025\/06\/Mueller-logo-1536x303.png 1536w\" sizes=\"auto, (max-width: 2000px) 100vw, 2000px\" \/><\/div><a href='https:\/\/www.dm.si\/search?query=donatural&#038;searchProviderType=dm-products&#038;categoryNames=Napitki' target='_blank' class='where-to-buy__store'><img loading=\"lazy\" decoding=\"async\" width=\"2560\" height=\"1695\" src=\"https:\/\/www.donatural.com\/wp-content\/uploads\/2025\/06\/DM-logo.png\" class=\"attachment-full size-full\" alt=\"\" srcset=\"https:\/\/www.donatural.com\/wp-content\/uploads\/2025\/06\/DM-logo.png 2560w, https:\/\/www.donatural.com\/wp-content\/uploads\/2025\/06\/DM-logo-300x199.png 300w, https:\/\/www.donatural.com\/wp-content\/uploads\/2025\/06\/DM-logo-1024x678.png 1024w, https:\/\/www.donatural.com\/wp-content\/uploads\/2025\/06\/DM-logo-1536x1017.png 1536w, https:\/\/www.donatural.com\/wp-content\/uploads\/2025\/06\/DM-logo-2048x1356.png 2048w\" sizes=\"auto, (max-width: 2560px) 100vw, 2560px\" \/><\/a><div class='where-to-buy__store'><img loading=\"lazy\" decoding=\"async\" width=\"2560\" height=\"766\" src=\"https:\/\/www.donatural.com\/wp-content\/uploads\/2025\/06\/Petrol-logo.png\" class=\"attachment-full size-full\" alt=\"\" srcset=\"https:\/\/www.donatural.com\/wp-content\/uploads\/2025\/06\/Petrol-logo.png 2560w, https:\/\/www.donatural.com\/wp-content\/uploads\/2025\/06\/Petrol-logo-300x90.png 300w, https:\/\/www.donatural.com\/wp-content\/uploads\/2025\/06\/Petrol-logo-1024x306.png 1024w, https:\/\/www.donatural.com\/wp-content\/uploads\/2025\/06\/Petrol-logo-1536x460.png 1536w, https:\/\/www.donatural.com\/wp-content\/uploads\/2025\/06\/Petrol-logo-2048x613.png 2048w\" sizes=\"auto, (max-width: 2560px) 100vw, 2560px\" \/><\/div><div class='where-to-buy__store'><img loading=\"lazy\" decoding=\"async\" width=\"204\" height=\"126\" src=\"https:\/\/www.donatural.com\/wp-content\/uploads\/2025\/06\/Mol-logotip.png\" class=\"attachment-full size-full\" alt=\"\" \/><\/div><div class='where-to-buy__store'><img loading=\"lazy\" decoding=\"async\" width=\"1200\" height=\"1200\" src=\"https:\/\/www.donatural.com\/wp-content\/uploads\/2025\/06\/Jager-logo.png\" class=\"attachment-full size-full\" alt=\"\" srcset=\"https:\/\/www.donatural.com\/wp-content\/uploads\/2025\/06\/Jager-logo.png 1200w, https:\/\/www.donatural.com\/wp-content\/uploads\/2025\/06\/Jager-logo-300x300.png 300w, https:\/\/www.donatural.com\/wp-content\/uploads\/2025\/06\/Jager-logo-1024x1024.png 1024w, https:\/\/www.donatural.com\/wp-content\/uploads\/2025\/06\/Jager-logo-150x150.png 150w\" sizes=\"auto, (max-width: 1200px) 100vw, 1200px\" \/><\/div><div class='where-to-buy__store'><img loading=\"lazy\" decoding=\"async\" width=\"250\" height=\"107\" src=\"https:\/\/www.donatural.com\/wp-content\/uploads\/2025\/06\/KEA-logo.png\" class=\"attachment-full size-full\" alt=\"\" \/><\/div><div class='where-to-buy__store'><img loading=\"lazy\" decoding=\"async\" width=\"240\" height=\"240\" src=\"https:\/\/www.donatural.com\/wp-content\/uploads\/2025\/06\/Fama-logo.png\" class=\"attachment-full size-full\" alt=\"\" srcset=\"https:\/\/www.donatural.com\/wp-content\/uploads\/2025\/06\/Fama-logo.png 240w, https:\/\/www.donatural.com\/wp-content\/uploads\/2025\/06\/Fama-logo-150x150.png 150w\" sizes=\"auto, (max-width: 240px) 100vw, 240px\" \/><\/div><\/div><\/div><\/div><\/div>","protected":false},"excerpt":{"rendered":"","protected":false},"author":3,"featured_media":0,"parent":0,"menu_order":0,"comment_status":"closed","ping_status":"closed","template":"","meta":{"_acf_changed":false,"footnotes":""},"class_list":["post-620","page","type-page","status-publish","hentry"],"acf":[],"yoast_head":"<!-- This site is optimized with the Yoast SEO plugin v27.5 - https:\/\/yoast.com\/product\/yoast-seo-wordpress\/ -->\n<title>Kje kupiti - Donatural<\/title>\n<meta name=\"description\" content=\"DoNatural je na voljo v vseh ve\u010djih trgovinah z \u017eivili, drogerijah in na bencinskih servisih. Za ve\u010d informacij si oglej podroben seznam.\" \/>\n<meta name=\"robots\" content=\"index, follow, max-snippet:-1, max-image-preview:large, max-video-preview:-1\" \/>\n<link rel=\"canonical\" href=\"https:\/\/www.donatural.com\/sl\/kje-kupiti\/\" \/>\n<meta property=\"og:locale\" content=\"sl_SI\" \/>\n<meta property=\"og:type\" content=\"article\" \/>\n<meta property=\"og:title\" content=\"Kje kupiti - Donatural\" \/>\n<meta property=\"og:description\" content=\"DoNatural je na voljo v vseh ve\u010djih trgovinah z \u017eivili, drogerijah in na bencinskih servisih. Za ve\u010d informacij si oglej podroben seznam.\" \/>\n<meta property=\"og:url\" content=\"https:\/\/www.donatural.com\/sl\/kje-kupiti\/\" \/>\n<meta property=\"og:site_name\" content=\"Donatural\" \/>\n<meta property=\"article:modified_time\" content=\"2026-03-06T10:52:02+00:00\" \/>\n<meta name=\"twitter:card\" content=\"summary_large_image\" \/>\n<script type=\"application\/ld+json\" class=\"yoast-schema-graph\">{\"@context\":\"https:\\\/\\\/schema.org\",\"@graph\":[{\"@type\":\"WebPage\",\"@id\":\"https:\\\/\\\/www.donatural.com\\\/sl\\\/kje-kupiti\\\/\",\"url\":\"https:\\\/\\\/www.donatural.com\\\/sl\\\/kje-kupiti\\\/\",\"name\":\"Kje kupiti - Donatural\",\"isPartOf\":{\"@id\":\"https:\\\/\\\/www.donatural.com\\\/sl\\\/#website\"},\"datePublished\":\"2025-02-26T11:49:30+00:00\",\"dateModified\":\"2026-03-06T10:52:02+00:00\",\"description\":\"DoNatural je na voljo v vseh ve\u010djih trgovinah z \u017eivili, drogerijah in na bencinskih servisih. Za ve\u010d informacij si oglej podroben seznam.\",\"breadcrumb\":{\"@id\":\"https:\\\/\\\/www.donatural.com\\\/sl\\\/kje-kupiti\\\/#breadcrumb\"},\"inLanguage\":\"sl-SI\",\"potentialAction\":[{\"@type\":\"ReadAction\",\"target\":[\"https:\\\/\\\/www.donatural.com\\\/sl\\\/kje-kupiti\\\/\"]}]},{\"@type\":\"BreadcrumbList\",\"@id\":\"https:\\\/\\\/www.donatural.com\\\/sl\\\/kje-kupiti\\\/#breadcrumb\",\"itemListElement\":[{\"@type\":\"ListItem\",\"position\":1,\"name\":\"Domov\",\"item\":\"https:\\\/\\\/www.donatural.com\\\/sl\\\/\"},{\"@type\":\"ListItem\",\"position\":2,\"name\":\"Kje kupiti\"}]},{\"@type\":\"WebSite\",\"@id\":\"https:\\\/\\\/www.donatural.com\\\/sl\\\/#website\",\"url\":\"https:\\\/\\\/www.donatural.com\\\/sl\\\/\",\"name\":\"Donatural\",\"description\":\"\",\"publisher\":{\"@id\":\"https:\\\/\\\/www.donatural.com\\\/sl\\\/#organization\"},\"potentialAction\":[{\"@type\":\"SearchAction\",\"target\":{\"@type\":\"EntryPoint\",\"urlTemplate\":\"https:\\\/\\\/www.donatural.com\\\/sl\\\/?s={search_term_string}\"},\"query-input\":{\"@type\":\"PropertyValueSpecification\",\"valueRequired\":true,\"valueName\":\"search_term_string\"}}],\"inLanguage\":\"sl-SI\"},{\"@type\":\"Organization\",\"@id\":\"https:\\\/\\\/www.donatural.com\\\/sl\\\/#organization\",\"name\":\"Donatural\",\"url\":\"https:\\\/\\\/www.donatural.com\\\/sl\\\/\",\"logo\":{\"@type\":\"ImageObject\",\"inLanguage\":\"sl-SI\",\"@id\":\"https:\\\/\\\/www.donatural.com\\\/sl\\\/#\\\/schema\\\/logo\\\/image\\\/\",\"url\":\"https:\\\/\\\/www.donatural.com\\\/wp-content\\\/uploads\\\/2025\\\/02\\\/DONATURAL-LOGO.png\",\"contentUrl\":\"https:\\\/\\\/www.donatural.com\\\/wp-content\\\/uploads\\\/2025\\\/02\\\/DONATURAL-LOGO.png\",\"width\":1855,\"height\":348,\"caption\":\"Donatural\"},\"image\":{\"@id\":\"https:\\\/\\\/www.donatural.com\\\/sl\\\/#\\\/schema\\\/logo\\\/image\\\/\"}}]}<\/script>\n<!-- \/ Yoast SEO plugin. -->","yoast_head_json":{"title":"Kje kupiti - Donatural","description":"DoNatural je na voljo v vseh ve\u010djih trgovinah z \u017eivili, drogerijah in na bencinskih servisih. Za ve\u010d informacij si oglej podroben seznam.","robots":{"index":"index","follow":"follow","max-snippet":"max-snippet:-1","max-image-preview":"max-image-preview:large","max-video-preview":"max-video-preview:-1"},"canonical":"https:\/\/www.donatural.com\/sl\/kje-kupiti\/","og_locale":"sl_SI","og_type":"article","og_title":"Kje kupiti - Donatural","og_description":"DoNatural je na voljo v vseh ve\u010djih trgovinah z \u017eivili, drogerijah in na bencinskih servisih. Za ve\u010d informacij si oglej podroben seznam.","og_url":"https:\/\/www.donatural.com\/sl\/kje-kupiti\/","og_site_name":"Donatural","article_modified_time":"2026-03-06T10:52:02+00:00","twitter_card":"summary_large_image","schema":{"@context":"https:\/\/schema.org","@graph":[{"@type":"WebPage","@id":"https:\/\/www.donatural.com\/sl\/kje-kupiti\/","url":"https:\/\/www.donatural.com\/sl\/kje-kupiti\/","name":"Kje kupiti - Donatural","isPartOf":{"@id":"https:\/\/www.donatural.com\/sl\/#website"},"datePublished":"2025-02-26T11:49:30+00:00","dateModified":"2026-03-06T10:52:02+00:00","description":"DoNatural je na voljo v vseh ve\u010djih trgovinah z \u017eivili, drogerijah in na bencinskih servisih. Za ve\u010d informacij si oglej podroben seznam.","breadcrumb":{"@id":"https:\/\/www.donatural.com\/sl\/kje-kupiti\/#breadcrumb"},"inLanguage":"sl-SI","potentialAction":[{"@type":"ReadAction","target":["https:\/\/www.donatural.com\/sl\/kje-kupiti\/"]}]},{"@type":"BreadcrumbList","@id":"https:\/\/www.donatural.com\/sl\/kje-kupiti\/#breadcrumb","itemListElement":[{"@type":"ListItem","position":1,"name":"Domov","item":"https:\/\/www.donatural.com\/sl\/"},{"@type":"ListItem","position":2,"name":"Kje kupiti"}]},{"@type":"WebSite","@id":"https:\/\/www.donatural.com\/sl\/#website","url":"https:\/\/www.donatural.com\/sl\/","name":"Donatural","description":"","publisher":{"@id":"https:\/\/www.donatural.com\/sl\/#organization"},"potentialAction":[{"@type":"SearchAction","target":{"@type":"EntryPoint","urlTemplate":"https:\/\/www.donatural.com\/sl\/?s={search_term_string}"},"query-input":{"@type":"PropertyValueSpecification","valueRequired":true,"valueName":"search_term_string"}}],"inLanguage":"sl-SI"},{"@type":"Organization","@id":"https:\/\/www.donatural.com\/sl\/#organization","name":"Donatural","url":"https:\/\/www.donatural.com\/sl\/","logo":{"@type":"ImageObject","inLanguage":"sl-SI","@id":"https:\/\/www.donatural.com\/sl\/#\/schema\/logo\/image\/","url":"https:\/\/www.donatural.com\/wp-content\/uploads\/2025\/02\/DONATURAL-LOGO.png","contentUrl":"https:\/\/www.donatural.com\/wp-content\/uploads\/2025\/02\/DONATURAL-LOGO.png","width":1855,"height":348,"caption":"Donatural"},"image":{"@id":"https:\/\/www.donatural.com\/sl\/#\/schema\/logo\/image\/"}}]}},"_links":{"self":[{"href":"https:\/\/www.donatural.com\/sl\/wp-json\/wp\/v2\/pages\/620","targetHints":{"allow":["GET"]}}],"collection":[{"href":"https:\/\/www.donatural.com\/sl\/wp-json\/wp\/v2\/pages"}],"about":[{"href":"https:\/\/www.donatural.com\/sl\/wp-json\/wp\/v2\/types\/page"}],"author":[{"embeddable":true,"href":"https:\/\/www.donatural.com\/sl\/wp-json\/wp\/v2\/users\/3"}],"replies":[{"embeddable":true,"href":"https:\/\/www.donatural.com\/sl\/wp-json\/wp\/v2\/comments?post=620"}],"version-history":[{"count":17,"href":"https:\/\/www.donatural.com\/sl\/wp-json\/wp\/v2\/pages\/620\/revisions"}],"predecessor-version":[{"id":2022,"href":"https:\/\/www.donatural.com\/sl\/wp-json\/wp\/v2\/pages\/620\/revisions\/2022"}],"wp:attachment":[{"href":"https:\/\/www.donatural.com\/sl\/wp-json\/wp\/v2\/media?parent=620"}],"curies":[{"name":"wp","href":"https:\/\/api.w.org\/{rel}","templated":true}]}}